{"id":551,"date":"2022-06-15T07:13:12","date_gmt":"2022-06-15T07:13:12","guid":{"rendered":"https:\/\/startersites.io\/stagingfour\/?page_id=3"},"modified":"2026-03-23T09:47:07","modified_gmt":"2026-03-23T09:47:07","slug":"privacy-policy","status":"publish","type":"page","link":"https:\/\/zeeyielec.com\/de\/privacy-policy\/","title":{"rendered":"Datenschutzbestimmungen"},"content":{"rendered":"<h1 class=\"wp-block-heading\">Datenschutzbestimmungen<\/h1>\n\n\n\n<p><strong>Datum des Inkrafttretens:<\/strong> M\u00e4rz 23, 2026<\/p>\n\n\n\n<p>Willkommen bei <strong>zeeyielec.com<\/strong> (\u201cWebsite\u201d, \u201cwir\u201d, \u201cunser\u201d oder \u201cuns\u201d).<br>Wir bei ZeeyiElec respektieren Ihre Privatsph\u00e4re und verpflichten uns, die pers\u00f6nlichen Daten zu sch\u00fctzen, die Sie uns beim Besuch unserer Website, bei der \u00dcbermittlung einer Anfrage oder bei der Kommunikation mit uns zur Verf\u00fcgung stellen.<\/p>\n\n\n\n<p>In dieser Datenschutzrichtlinie wird erl\u00e4utert, wie wir Ihre Daten erfassen, verwenden, weitergeben und sch\u00fctzen, wenn Sie Folgendes nutzen <strong><a href=\"https:\/\/zeeyielec.com\/de\/\">https:\/\/zeeyielec.com\/<\/a><\/strong>.<\/p>\n\n\n\n<h2 class=\"wp-block-heading\">1. Wer wir sind<\/h2>\n\n\n\n<p>Diese Website wird betrieben von <strong>ZeeyiElec<\/strong>.<\/p>\n\n\n\n<p>ZeeyiElec liefert Transformatoren- und Kabelzubeh\u00f6r f\u00fcr globale H\u00e4ndler und Projektentwickler und bietet Unterst\u00fctzung bei der technischen Auswahl und bei Ausschreibungen.<\/p>\n\n\n\n<p>Kontaktinformationen:<\/p>\n\n\n\n<p><strong>ZeeyiElec<\/strong><br><strong>Website:<\/strong> <a href=\"https:\/\/zeeyielec.com\/de\/\">https:\/\/zeeyielec.com\/<\/a><br><strong>E-Mail:<\/strong> <a>yoyo@zeeyielec.com<\/a><br><strong>Telefon \/ WhatsApp \/ WeChat:<\/strong> +86 150 5877 8024<br><strong>Adresse:<\/strong> Liushi, Yueqing, Wenzhou, Zhejiang, China<\/p>\n\n\n\n<h2 class=\"wp-block-heading\">2. Informationen, die wir sammeln<\/h2>\n\n\n\n<p>Wir k\u00f6nnen die folgenden Arten von Informationen sammeln:<\/p>\n\n\n\n<h3 class=\"wp-block-heading\">2.1 Informationen, die Sie uns zur Verf\u00fcgung stellen<\/h3>\n\n\n\n<p>Wenn Sie uns \u00fcber unser Kontaktformular kontaktieren, uns direkt eine E-Mail schicken, ein Angebot anfordern oder anderweitig mit uns kommunizieren, k\u00f6nnen wir Daten erfassen:<\/p>\n\n\n\n<ul class=\"wp-block-list\">\n<li>Ihr Name<\/li>\n\n\n\n<li>Name des Unternehmens<\/li>\n\n\n\n<li>E-Mail Adresse<\/li>\n\n\n\n<li>Rufnummer<\/li>\n\n\n\n<li>Land oder Region<\/li>\n\n\n\n<li>Produktinteressen<\/li>\n\n\n\n<li>Details zur Anfrage<\/li>\n\n\n\n<li>Alle anderen Informationen, die Sie freiwillig zur Verf\u00fcgung stellen<\/li>\n<\/ul>\n\n\n\n<h3 class=\"wp-block-heading\">2.2 Automatisch gesammelte Informationen<\/h3>\n\n\n\n<p>Wenn Sie unsere Website besuchen, k\u00f6nnen wir automatisch bestimmte technische Informationen und Nutzungsdaten erfassen, einschlie\u00dflich:<\/p>\n\n\n\n<ul class=\"wp-block-list\">\n<li>IP-Adresse<\/li>\n\n\n\n<li>Browser-Typ<\/li>\n\n\n\n<li>Ger\u00e4tetyp<\/li>\n\n\n\n<li>Das Betriebssystem<\/li>\n\n\n\n<li>Verweisende Website<\/li>\n\n\n\n<li>Aufgerufene Seiten<\/li>\n\n\n\n<li>Uhrzeit und Datum der Besuche<\/li>\n\n\n\n<li>Allgemeines Surfverhalten auf der Website<\/li>\n<\/ul>\n\n\n\n<h3 class=\"wp-block-heading\">2.3 Cookies und \u00e4hnliche Technologien<\/h3>\n\n\n\n<p>Wir k\u00f6nnen Cookies und \u00e4hnliche Tracking-Technologien verwenden, um die Funktionalit\u00e4t der Website zu verbessern, den Datenverkehr zu analysieren, Pr\u00e4ferenzen zu speichern und die Sicherheit der Website zu unterst\u00fctzen.<\/p>\n\n\n\n<h2 class=\"wp-block-heading\">3. Wie wir Ihre Informationen verwenden<\/h2>\n\n\n\n<p>Wir k\u00f6nnen Ihre Informationen verwenden, um:<\/p>\n\n\n\n<ul class=\"wp-block-list\">\n<li>Beantworten Sie Ihre Anfragen<\/li>\n\n\n\n<li>Erstellung von Angeboten, Produktinformationen und technischer Unterst\u00fctzung<\/li>\n\n\n\n<li>mit Ihnen \u00fcber Ihre Anfragen oder eine m\u00f6gliche Zusammenarbeit kommunizieren<\/li>\n\n\n\n<li>Verbesserung unserer Website, Dienstleistungen und Nutzererfahrung<\/li>\n\n\n\n<li>Analysieren Sie Website-Verkehr und Nutzungstrends<\/li>\n\n\n\n<li>Aufrechterhaltung der Sicherheit und Stabilit\u00e4t der Website<\/li>\n\n\n\n<li>Einhaltung der rechtlichen Verpflichtungen<\/li>\n\n\n\n<li>unsere gesetzlichen Rechte zu sch\u00fctzen und Missbrauch zu verhindern<\/li>\n<\/ul>\n\n\n\n<h2 class=\"wp-block-heading\">4. Rechtsgrundlage f\u00fcr die Verarbeitung<\/h2>\n\n\n\n<p>Soweit nach den geltenden Datenschutzgesetzen erforderlich, verarbeiten wir personenbezogene Daten auf einer oder mehreren der folgenden Grundlagen:<\/p>\n\n\n\n<ul class=\"wp-block-list\">\n<li>Ihre Zustimmung<\/li>\n\n\n\n<li>Ergreifen von Ma\u00dfnahmen auf Ihren Wunsch hin, bevor Sie einen Vertrag abschlie\u00dfen<\/li>\n\n\n\n<li>Unsere berechtigten Interessen am Betrieb, der Verbesserung und der Sicherung unserer Website und unserer Gesch\u00e4ftskommunikation<\/li>\n\n\n\n<li>Einhaltung der rechtlichen Verpflichtungen<\/li>\n<\/ul>\n\n\n\n<h2 class=\"wp-block-heading\">5. Wie wir Informationen weitergeben<\/h2>\n\n\n\n<p>Wir verkaufen Ihre pers\u00f6nlichen Daten nicht.<\/p>\n\n\n\n<p>Wir k\u00f6nnen Ihre Daten nur dann an vertrauensw\u00fcrdige Dritte weitergeben, wenn dies f\u00fcr den Gesch\u00e4ftsbetrieb erforderlich ist, z. B:<\/p>\n\n\n\n<ul class=\"wp-block-list\">\n<li>Website-Hosting-Anbieter<\/li>\n\n\n\n<li>E-Mail-Dienstleister<\/li>\n\n\n\n<li>Anbieter von Analysen<\/li>\n\n\n\n<li>Anbieter von Spamschutz- und Sicherheitsdiensten<\/li>\n\n\n\n<li>Professionelle Berater<\/li>\n\n\n\n<li>Regierungsbeh\u00f6rden oder Regulierungsbeh\u00f6rden, wenn dies gesetzlich vorgeschrieben ist<\/li>\n<\/ul>\n\n\n\n<p>Diese Parteien d\u00fcrfen Ihre Daten nur in dem Ma\u00dfe verwenden, wie es f\u00fcr die Erbringung von Dienstleistungen f\u00fcr uns oder die Einhaltung gesetzlicher Vorschriften erforderlich ist.<\/p>\n\n\n\n<h2 class=\"wp-block-heading\">6. Internationale Daten\u00fcbermittlung<\/h2>\n\n\n\n<p>Da ZeeyiElec internationale Kunden bedient, k\u00f6nnen Ihre Daten in L\u00e4nder au\u00dferhalb des Landes, in dem Sie wohnen, \u00fcbertragen, dort gespeichert oder verarbeitet werden.<\/p>\n\n\n\n<p>Indem Sie diese Website nutzen oder uns Ihre Daten \u00fcbermitteln, erkl\u00e4ren Sie sich damit einverstanden, dass Ihre Daten in \u00dcbereinstimmung mit dieser Datenschutzrichtlinie und dem geltenden Recht international verarbeitet werden k\u00f6nnen.<\/p>\n\n\n\n<h2 class=\"wp-block-heading\">7. Vorratsdatenspeicherung<\/h2>\n\n\n\n<p>Wir bewahren personenbezogene Daten nur so lange auf, wie es f\u00fcr die in dieser Datenschutzrichtlinie beschriebenen Zwecke erforderlich ist:<\/p>\n\n\n\n<ul class=\"wp-block-list\">\n<li>Beantwortung von Anfragen<\/li>\n\n\n\n<li>Erstellung von Kostenvoranschl\u00e4gen und Gesch\u00e4ftskommunikation<\/li>\n\n\n\n<li>F\u00fchren angemessener Gesch\u00e4ftsunterlagen<\/li>\n\n\n\n<li>Erf\u00fcllung rechtlicher, buchhalterischer oder regulatorischer Verpflichtungen<\/li>\n\n\n\n<li>Beilegung von Streitigkeiten und Durchsetzung von Vereinbarungen<\/li>\n<\/ul>\n\n\n\n<p>Wenn die Daten nicht mehr ben\u00f6tigt werden, l\u00f6schen wir sie, anonymisieren sie oder bewahren sie sicher auf, sofern dies gesetzlich vorgeschrieben ist.<\/p>\n\n\n\n<h2 class=\"wp-block-heading\">8. Cookies<\/h2>\n\n\n\n<p>Cookies sind kleine Textdateien, die auf Ihrem Ger\u00e4t gespeichert werden, wenn Sie eine Website besuchen.<\/p>\n\n\n\n<p>Wir k\u00f6nnen Cookies verwenden f\u00fcr:<\/p>\n\n\n\n<ul class=\"wp-block-list\">\n<li>Wesentlicher Betrieb der Website<\/li>\n\n\n\n<li>Leistung und Analytik<\/li>\n\n\n\n<li>Speicherung von Pr\u00e4ferenzen<\/li>\n\n\n\n<li>Sicherheit und Betrugsbek\u00e4mpfung<\/li>\n<\/ul>\n\n\n\n<p>Sie k\u00f6nnen Cookies \u00fcber Ihre Browsereinstellungen kontrollieren oder deaktivieren. Bitte beachten Sie, dass die Deaktivierung von Cookies bestimmte Funktionen der Website beeintr\u00e4chtigen kann.<\/p>\n\n\n\n<h2 class=\"wp-block-heading\">9. Analytik und Dienste von Drittanbietern<\/h2>\n\n\n\n<p>Wir k\u00f6nnen Analysetools von Drittanbietern oder \u00e4hnliche Tools verwenden, um zu verstehen, wie Nutzer mit unserer Website interagieren, und um unseren Inhalt und unsere Leistung zu verbessern.<\/p>\n\n\n\n<p>Diese Tools k\u00f6nnen Informationen wie z. B.:<\/p>\n\n\n\n<ul class=\"wp-block-list\">\n<li>Besuchte Seiten<\/li>\n\n\n\n<li>Dauer des Besuchs<\/li>\n\n\n\n<li>Ger\u00e4te- und Browserinformationen<\/li>\n\n\n\n<li>Verweisende Quelle<\/li>\n\n\n\n<li>Ungef\u00e4hre geografische Region<\/li>\n<\/ul>\n\n\n\n<p>Wenn Inhalte oder Tools von Drittanbietern in unsere Website eingebettet sind, k\u00f6nnen diese Anbieter auch Daten gem\u00e4\u00df ihren eigenen Datenschutzrichtlinien erfassen.<\/p>\n\n\n\n<h2 class=\"wp-block-heading\">10. Links von Drittanbietern<\/h2>\n\n\n\n<p>Unsere Website kann Links zu Websites von Dritten, Normungsorganisationen, Partner-Websites oder externen Plattformen enthalten. Wir sind nicht verantwortlich f\u00fcr die Datenschutzpraktiken, den Inhalt oder die Sicherheit dieser Websites Dritter.<\/p>\n\n\n\n<p>Wir empfehlen Ihnen, deren Datenschutzrichtlinien zu lesen, bevor Sie pers\u00f6nliche Daten angeben.<\/p>\n\n\n\n<h2 class=\"wp-block-heading\">11. Datensicherheit<\/h2>\n\n\n\n<p>Wir ergreifen angemessene technische, administrative und organisatorische Ma\u00dfnahmen, um Ihre pers\u00f6nlichen Daten vor unbefugtem Zugriff, Offenlegung, \u00c4nderung, Verlust oder Missbrauch zu sch\u00fctzen.<\/p>\n\n\n\n<p>Allerdings ist keine Website, kein Server und keine Methode der elektronischen \u00dcbertragung vollkommen sicher. Daher k\u00f6nnen wir keine absolute Sicherheit garantieren.<\/p>\n\n\n\n<h2 class=\"wp-block-heading\">12. Deine Rechte<\/h2>\n\n\n\n<p>Je nach Ihrem Wohnort und dem geltenden Recht haben Sie m\u00f6glicherweise Rechte in Bezug auf Ihre personenbezogenen Daten, einschlie\u00dflich des Rechts auf:<\/p>\n\n\n\n<ul class=\"wp-block-list\">\n<li>Zugang zu den pers\u00f6nlichen Daten, die wir \u00fcber Sie gespeichert haben, beantragen<\/li>\n\n\n\n<li>Korrektur von ungenauen oder unvollst\u00e4ndigen Informationen anfordern<\/li>\n\n\n\n<li>Beantragen Sie die L\u00f6schung Ihrer pers\u00f6nlichen Daten<\/li>\n\n\n\n<li>Widerspruch gegen bestimmte Verarbeitungen oder deren Einschr\u00e4nkung<\/li>\n\n\n\n<li>R\u00fccknahme der Einwilligung, wenn die Verarbeitung auf einer Einwilligung beruht<\/li>\n\n\n\n<li>Beantragung der Daten\u00fcbertragbarkeit, sofern zutreffend<\/li>\n\n\n\n<li>Einreichen einer Beschwerde bei einer zust\u00e4ndigen Aufsichtsbeh\u00f6rde<\/li>\n<\/ul>\n\n\n\n<p>Wenn Sie Ihre Rechte geltend machen m\u00f6chten, wenden Sie sich bitte an uns:<\/p>\n\n\n\n<p><strong>E-Mail:<\/strong> <a>yoyo@zeeyielec.com<\/a><br><strong>Telefon \/ WhatsApp \/ WeChat:<\/strong> +86 150 5877 8024<\/p>\n\n\n\n<h2 class=\"wp-block-heading\">13. Kalifornische Datenschutzrechte<\/h2>\n\n\n\n<p>Wenn Sie in Kalifornien ans\u00e4ssig sind, haben Sie unter Umst\u00e4nden bestimmte Rechte gem\u00e4\u00df den geltenden kalifornischen Datenschutzgesetzen, einschlie\u00dflich des Rechts, Zugang zu bestimmten personenbezogenen Daten zu verlangen, diese zu l\u00f6schen oder zu korrigieren, vorbehaltlich gesetzlicher Ausnahmen.<\/p>\n\n\n\n<p>ZeeyiElec verkauft keine pers\u00f6nlichen Informationen im herk\u00f6mmlichen Sinne.<\/p>\n\n\n\n<p>Um einen Antrag zu stellen, kontaktieren Sie uns unter <strong><a>yoyo@zeeyielec.com<\/a><\/strong>.<\/p>\n\n\n\n<h2 class=\"wp-block-heading\">14. EEA \/ UK Datenschutzrechte<\/h2>\n\n\n\n<p>Wenn Sie im Europ\u00e4ischen Wirtschaftsraum, in der Schweiz oder im Vereinigten K\u00f6nigreich ans\u00e4ssig sind, haben Sie m\u00f6glicherweise Rechte nach den geltenden Datenschutzgesetzen, einschlie\u00dflich des Rechts auf Zugang, Berichtigung, L\u00f6schung, Einschr\u00e4nkung, Widerspruch und Daten\u00fcbertragbarkeit, vorbehaltlich gesetzlicher Einschr\u00e4nkungen.<\/p>\n\n\n\n<p>M\u00f6glicherweise haben Sie auch das Recht, eine Beschwerde bei Ihrer \u00f6rtlichen Datenschutzbeh\u00f6rde einzureichen.<\/p>\n\n\n\n<h2 class=\"wp-block-heading\">15. Privatsph\u00e4re der Kinder<\/h2>\n\n\n\n<p>Diese Website ist f\u00fcr gesch\u00e4ftliche und allgemeine Informationszwecke bestimmt. Sie richtet sich nicht an Kinder unter 13 Jahren, und wir sammeln nicht wissentlich pers\u00f6nliche Daten von Kindern.<\/p>\n\n\n\n<p>Wenn Sie glauben, dass ein Kind \u00fcber unsere Website personenbezogene Daten \u00fcbermittelt hat, nehmen Sie bitte Kontakt mit uns auf, damit wir entsprechende Ma\u00dfnahmen ergreifen k\u00f6nnen.<\/p>\n\n\n\n<h2 class=\"wp-block-heading\">16. \u00c4nderungen an dieser Datenschutzrichtlinie<\/h2>\n\n\n\n<p>Wir k\u00f6nnen diese Datenschutzrichtlinie von Zeit zu Zeit aktualisieren, um \u00c4nderungen in unserem Gesch\u00e4ft, unseren Dienstleistungen, den rechtlichen Anforderungen oder der Funktionalit\u00e4t der Website zu ber\u00fccksichtigen.<\/p>\n\n\n\n<p>Alle Aktualisierungen werden auf dieser Seite mit einem \u00fcberarbeiteten Datum des Inkrafttretens ver\u00f6ffentlicht. Ihre fortgesetzte Nutzung der Website nach der Ver\u00f6ffentlichung von \u00c4nderungen bedeutet, dass Sie die aktualisierte Datenschutzrichtlinie akzeptieren.<\/p>\n\n\n\n<h2 class=\"wp-block-heading\">17. Kontakt<\/h2>\n\n\n\n<p>Wenn Sie Fragen zu dieser Datenschutzrichtlinie oder zum Umgang mit Ihren pers\u00f6nlichen Daten haben, wenden Sie sich bitte an uns:<\/p>\n\n\n\n<p><strong>ZeeyiElec<\/strong><br><strong>Website:<\/strong> <a href=\"https:\/\/zeeyielec.com\/de\/\">https:\/\/zeeyielec.com\/<\/a><br><strong>E-Mail:<\/strong> <a>yoyo@zeeyielec.com<\/a><br><strong>Telefon \/ WhatsApp \/ WeChat:<\/strong> +86 150 5877 8024<br><strong>Adresse:<\/strong> Liushi, Yueqing, Wenzhou, Zhejiang, China<\/p>","protected":false},"excerpt":{"rendered":"<p>Privacy Policy Effective Date: March 23, 2026 Welcome to zeeyielec.com (\u201cWebsite,\u201d \u201cwe,\u201d \u201cour,\u201d or \u201cus\u201d).At ZeeyiElec, we respect your privacy and are committed to protecting the personal information you provide when you visit our Website, submit an inquiry, or communicate with us. This Privacy Policy explains how we collect, use, disclose, and safeguard your information [&hellip;]<\/p>\n","protected":false},"author":1,"featured_media":0,"parent":0,"menu_order":0,"comment_status":"closed","ping_status":"open","template":"","meta":{"footnotes":""},"class_list":["post-551","page","type-page","status-publish","hentry"],"blocksy_meta":[],"_hostinger_reach_plugin_has_subscription_block":false,"_hostinger_reach_plugin_is_elementor":false,"_links":{"self":[{"href":"https:\/\/zeeyielec.com\/de\/wp-json\/wp\/v2\/pages\/551","targetHints":{"allow":["GET"]}}],"collection":[{"href":"https:\/\/zeeyielec.com\/de\/wp-json\/wp\/v2\/pages"}],"about":[{"href":"https:\/\/zeeyielec.com\/de\/wp-json\/wp\/v2\/types\/page"}],"author":[{"embeddable":true,"href":"https:\/\/zeeyielec.com\/de\/wp-json\/wp\/v2\/users\/1"}],"replies":[{"embeddable":true,"href":"https:\/\/zeeyielec.com\/de\/wp-json\/wp\/v2\/comments?post=551"}],"version-history":[{"count":1,"href":"https:\/\/zeeyielec.com\/de\/wp-json\/wp\/v2\/pages\/551\/revisions"}],"predecessor-version":[{"id":1615,"href":"https:\/\/zeeyielec.com\/de\/wp-json\/wp\/v2\/pages\/551\/revisions\/1615"}],"wp:attachment":[{"href":"https:\/\/zeeyielec.com\/de\/wp-json\/wp\/v2\/media?parent=551"}],"curies":[{"name":"wp","href":"https:\/\/api.w.org\/{rel}","templated":true}]}}